{"id":717,"date":"2024-06-04T12:20:00","date_gmt":"2024-06-04T10:20:00","guid":{"rendered":"https:\/\/ike.eus\/cookien-politika"},"modified":"2024-07-29T10:30:01","modified_gmt":"2024-07-29T08:30:01","slug":"politica-de-cookies","status":"publish","type":"page","link":"https:\/\/ike.eus\/es\/politica-de-cookies","title":{"rendered":"Pol\u00edtica de cookies"},"content":{"rendered":"<div class=\"wpb-content-wrapper\"><p>[vc_row kd_background_image_position=&#8221;vc_row-bg-position-top&#8221; css=&#8221;.vc_custom_1717496552674{margin-top: 200px !important;}&#8221;][vc_column][vc_column_text]<\/p>\n<style>\n    a.cky-banner-element {<br \/>        padding: 8px 30px;<br \/>        background: #F8F9FA;<br \/>        color: #858A8F;<br \/>        border: 1px solid #DEE2E6;<br \/>        box-sizing: border-box;<br \/>        border-radius: 2px;<br \/>        cursor: pointer;<br \/>}<br \/><\/style>\n<h1 class=\"cookie-policy-h1\">Pol\u00edtica de Cookies<\/h1>\n<p>Fecha efectiva: 04-Jun-2024<br \/>\n\u00daltima actualizaci\u00f3n: 04-Jun-2024<\/p>\n<p>&nbsp;<\/p>\n<h5>\u00bfQu\u00e9 son las cookies?<\/h5>\n<div class=\"cookie-policy-p\">\n<p>Esta pol\u00edtica de cookies explica qu\u00e9 son las cookies y c\u00f3mo las usamos, los tipos de cookies que usamos, la informaci\u00f3n que recopilamos usando cookies y c\u00f3mo se usa esa informaci\u00f3n y c\u00f3mo administrar la configuraci\u00f3n de las cookies.<\/p>\n<p>Las cookies son peque\u00f1os archivos de texto que se utilizan para almacenar peque\u00f1os fragmentos de informaci\u00f3n. Se almacenan en su dispositivo cuando el sitio web se carga en su navegador. Estas cookies nos ayudan a que el sitio web funcione correctamente, hacerlo m\u00e1s seguro, brindar una mejor experiencia de usuario y ayudarnos a comprender c\u00f3mo funciona el sitio web y analizar qu\u00e9 funciona y d\u00f3nde necesita mejorar.<\/p>\n<\/div>\n<p>&nbsp;<\/p>\n<h5>\u00bfC\u00f3mo utilizamos las cookies?<\/h5>\n<div class=\"cookie-policy-p\">\n<p>Como la mayor\u00eda de los servicios en l\u00ednea, nuestro sitio web utiliza cookies propias y de terceros para diversos fines. Las cookies de origen son en su mayor\u00eda necesarias para que el sitio web funcione correctamente y no recopilan ninguna informaci\u00f3n de identificaci\u00f3n personal sobre usted.<\/p>\n<p>Las cookies de terceros utilizadas en nuestro sitio web son principalmente para comprender c\u00f3mo funciona el sitio web, c\u00f3mo interact\u00faa usted con nuestro sitio web, mantener seguros nuestros servicios, brindarle anuncios relevantes y, en general, brindarle una experiencia de usuario mejor y mejorada. experiencia y ayudar a acelerar sus futuras interacciones con nuestro sitio web.<\/p>\n<\/div>\n<p>&nbsp;<\/p>\n<h5>Los tipos de cookies que utilizamos<\/h5>\n<div class=\"cky-audit-table-element\"><\/div>\n<p>&nbsp;<\/p>\n<h5 style=\"margin-bottom: 20px;\">Gestiona tus preferencias de cookies<\/h5>\n<p><a class=\"cky-banner-element\">Configuraci\u00f3n de cookies<\/a><\/p>\n<div>\n<p>Puede cambiar sus preferencias de cookies en cualquier momento haciendo clic en el bot\u00f3n de arriba. Esto le permitir\u00e1 volver a visitar el banner de consentimiento de cookies y cambiar sus preferencias o retirar su consentimiento inmediatamente.<\/p>\n<p>Adem\u00e1s, diferentes navegadores ofrecen diferentes m\u00e9todos para bloquear y eliminar las cookies utilizadas por los sitios web. Puede cambiar la configuraci\u00f3n de su navegador para bloquear\/eliminar las cookies. A continuaci\u00f3n se enumeran enlaces a documentos de ayuda para administrar y eliminar cookies de los principales navegadores web.<\/p>\n<p>Chrome: <a href=\"https:\/\/support.google.com\/accounts\/answer\/32050\" target=\"_blank\" rel=\"noopener\">https:\/\/support.google.com\/accounts\/answer\/32050<\/a><\/p>\n<p>Safari: <a href=\"https:\/\/support.apple.com\/en-in\/guide\/safari\/sfri11471\/mac\" target=\"_blank\" rel=\"noopener\">https:\/\/support.apple.com\/en-in\/guide\/safari\/sfri11471\/mac<\/a><\/p>\n<p>Firefox: <a href=\"https:\/\/support.mozilla.org\/en-US\/kb\/clear-cookies-and-site-data-firefox?redirectslug=delete-cookies-remove-info-websites-stored&amp;redirectlocale=en-US\" target=\"_blank\" rel=\"noopener\">https:\/\/support.mozilla.org\/en-US\/kb\/clear-cookies-and-site-data-firefox?redirectslug=delete-cookies-remove-info-websites-stored&amp;redirectlocale=en-US<\/a><\/p>\n<p>Internet Explorer: <a href=\"https:\/\/support.microsoft.com\/en-us\/topic\/how-to-delete-cookie-files-in-internet-explorer-bca9446f-d873-78de-77ba-d42645fa52fc\" target=\"_blank\" rel=\"noopener\">https:\/\/support.microsoft.com\/en-us\/topic\/how-to-delete-cookie-files-in-internet-explorer-bca9446f-d873-78de-77ba-d42645fa52fc<\/a><\/p>\n<p>Si est\u00e1 utilizando cualquier otro navegador web, visite los documentos de soporte oficiales de su navegador.<\/p>\n<\/div>\n<p>&nbsp;<\/p>\n<p class=\"cookie-policy-p\">Pol\u00edtica de cookies generada por <a href=\"https:\/\/www.cookieyes.com\/?utm_source=CP&amp;utm_medium=footer&amp;utm_campaign=UW\" target=\"_blank\" rel=\"noopener\">CookieYes &#8211; Cookie Policy Generator<\/a>.<\/p>\n<p>[\/vc_column_text][\/vc_column][\/vc_row]<\/p>\n<\/div>","protected":false},"excerpt":{"rendered":"<p>[vc_row kd_background_image_position=&#8221;vc_row-bg-position-top&#8221; css=&#8221;.vc_custom_1717496552674{margin-top: 200px !important;}&#8221;][vc_column][vc_column_text] Pol\u00edtica de Cookies Fecha efectiva: 04-Jun-2024 \u00daltima actualizaci\u00f3n: 04-Jun-2024 &nbsp; \u00bfQu\u00e9 son las cookies? Esta [&hellip;]<\/p>\n","protected":false},"author":1,"featured_media":0,"parent":0,"menu_order":10,"comment_status":"closed","ping_status":"closed","template":"","meta":{"footnotes":""},"class_list":["post-717","page","type-page","status-publish","hentry"],"yoast_head":"<!-- This site is optimized with the Yoast SEO plugin v27.4 - https:\/\/yoast.com\/product\/yoast-seo-wordpress\/ -->\n<title>Pol\u00edtica de cookies - Igeldoko Komunitate Energetikoa<\/title>\n<meta name=\"robots\" content=\"noindex, nofollow\" \/>\n<meta property=\"og:locale\" content=\"es_ES\" \/>\n<meta property=\"og:type\" content=\"article\" \/>\n<meta property=\"og:title\" content=\"Pol\u00edtica de cookies - Igeldoko Komunitate Energetikoa\" \/>\n<meta property=\"og:description\" content=\"[vc_row kd_background_image_position=&#8221;vc_row-bg-position-top&#8221; css=&#8221;.vc_custom_1717496552674{margin-top: 200px !important;}&#8221;][vc_column][vc_column_text] Pol\u00edtica de Cookies Fecha efectiva: 04-Jun-2024 \u00daltima actualizaci\u00f3n: 04-Jun-2024 &nbsp; \u00bfQu\u00e9 son las cookies? Esta [&hellip;]\" \/>\n<meta property=\"og:url\" content=\"https:\/\/ike.eus\/es\/politica-de-cookies\" \/>\n<meta property=\"og:site_name\" content=\"Igeldoko Komunitate Energetikoa\" \/>\n<meta property=\"article:modified_time\" content=\"2024-07-29T08:30:01+00:00\" \/>\n<meta name=\"twitter:card\" content=\"summary_large_image\" \/>\n<meta name=\"twitter:label1\" content=\"Tiempo de lectura\" \/>\n\t<meta name=\"twitter:data1\" content=\"2 minutos\" \/>\n<script type=\"application\/ld+json\" class=\"yoast-schema-graph\">{\"@context\":\"https:\\\/\\\/schema.org\",\"@graph\":[{\"@type\":\"WebPage\",\"@id\":\"https:\\\/\\\/ike.eus\\\/es\\\/politica-de-cookies\",\"url\":\"https:\\\/\\\/ike.eus\\\/es\\\/politica-de-cookies\",\"name\":\"Pol\u00edtica de cookies - Igeldoko Komunitate Energetikoa\",\"isPartOf\":{\"@id\":\"https:\\\/\\\/ike.eus\\\/es\\\/#website\"},\"datePublished\":\"2024-06-04T10:20:00+00:00\",\"dateModified\":\"2024-07-29T08:30:01+00:00\",\"breadcrumb\":{\"@id\":\"https:\\\/\\\/ike.eus\\\/es\\\/politica-de-cookies#breadcrumb\"},\"inLanguage\":\"es\",\"potentialAction\":[{\"@type\":\"ReadAction\",\"target\":[\"https:\\\/\\\/ike.eus\\\/es\\\/politica-de-cookies\"]}]},{\"@type\":\"BreadcrumbList\",\"@id\":\"https:\\\/\\\/ike.eus\\\/es\\\/politica-de-cookies#breadcrumb\",\"itemListElement\":[{\"@type\":\"ListItem\",\"position\":1,\"name\":\"Home\",\"item\":\"https:\\\/\\\/ike.eus\\\/es\"},{\"@type\":\"ListItem\",\"position\":2,\"name\":\"Pol\u00edtica de cookies\"}]},{\"@type\":\"WebSite\",\"@id\":\"https:\\\/\\\/ike.eus\\\/es\\\/#website\",\"url\":\"https:\\\/\\\/ike.eus\\\/es\\\/\",\"name\":\"Igeldoko Komunitate Energetikoa\",\"description\":\"\",\"publisher\":{\"@id\":\"https:\\\/\\\/ike.eus\\\/es\\\/#organization\"},\"potentialAction\":[{\"@type\":\"SearchAction\",\"target\":{\"@type\":\"EntryPoint\",\"urlTemplate\":\"https:\\\/\\\/ike.eus\\\/es\\\/?s={search_term_string}\"},\"query-input\":{\"@type\":\"PropertyValueSpecification\",\"valueRequired\":true,\"valueName\":\"search_term_string\"}}],\"inLanguage\":\"es\"},{\"@type\":\"Organization\",\"@id\":\"https:\\\/\\\/ike.eus\\\/es\\\/#organization\",\"name\":\"Igeldoko Komunitate Energetikoa\",\"url\":\"https:\\\/\\\/ike.eus\\\/es\\\/\",\"logo\":{\"@type\":\"ImageObject\",\"inLanguage\":\"es\",\"@id\":\"https:\\\/\\\/ike.eus\\\/es\\\/#\\\/schema\\\/logo\\\/image\\\/\",\"url\":\"https:\\\/\\\/ike.eus\\\/wp-content\\\/uploads\\\/Igeldoko-Komunitate-Energetikoa-logoa.png\",\"contentUrl\":\"https:\\\/\\\/ike.eus\\\/wp-content\\\/uploads\\\/Igeldoko-Komunitate-Energetikoa-logoa.png\",\"width\":547,\"height\":127,\"caption\":\"Igeldoko Komunitate Energetikoa\"},\"image\":{\"@id\":\"https:\\\/\\\/ike.eus\\\/es\\\/#\\\/schema\\\/logo\\\/image\\\/\"}}]}<\/script>\n<!-- \/ Yoast SEO plugin. -->","yoast_head_json":{"title":"Pol\u00edtica de cookies - Igeldoko Komunitate Energetikoa","robots":{"index":"noindex","follow":"nofollow"},"og_locale":"es_ES","og_type":"article","og_title":"Pol\u00edtica de cookies - Igeldoko Komunitate Energetikoa","og_description":"[vc_row kd_background_image_position=&#8221;vc_row-bg-position-top&#8221; css=&#8221;.vc_custom_1717496552674{margin-top: 200px !important;}&#8221;][vc_column][vc_column_text] Pol\u00edtica de Cookies Fecha efectiva: 04-Jun-2024 \u00daltima actualizaci\u00f3n: 04-Jun-2024 &nbsp; \u00bfQu\u00e9 son las cookies? Esta [&hellip;]","og_url":"https:\/\/ike.eus\/es\/politica-de-cookies","og_site_name":"Igeldoko Komunitate Energetikoa","article_modified_time":"2024-07-29T08:30:01+00:00","twitter_card":"summary_large_image","twitter_misc":{"Tiempo de lectura":"2 minutos"},"schema":{"@context":"https:\/\/schema.org","@graph":[{"@type":"WebPage","@id":"https:\/\/ike.eus\/es\/politica-de-cookies","url":"https:\/\/ike.eus\/es\/politica-de-cookies","name":"Pol\u00edtica de cookies - Igeldoko Komunitate Energetikoa","isPartOf":{"@id":"https:\/\/ike.eus\/es\/#website"},"datePublished":"2024-06-04T10:20:00+00:00","dateModified":"2024-07-29T08:30:01+00:00","breadcrumb":{"@id":"https:\/\/ike.eus\/es\/politica-de-cookies#breadcrumb"},"inLanguage":"es","potentialAction":[{"@type":"ReadAction","target":["https:\/\/ike.eus\/es\/politica-de-cookies"]}]},{"@type":"BreadcrumbList","@id":"https:\/\/ike.eus\/es\/politica-de-cookies#breadcrumb","itemListElement":[{"@type":"ListItem","position":1,"name":"Home","item":"https:\/\/ike.eus\/es"},{"@type":"ListItem","position":2,"name":"Pol\u00edtica de cookies"}]},{"@type":"WebSite","@id":"https:\/\/ike.eus\/es\/#website","url":"https:\/\/ike.eus\/es\/","name":"Igeldoko Komunitate Energetikoa","description":"","publisher":{"@id":"https:\/\/ike.eus\/es\/#organization"},"potentialAction":[{"@type":"SearchAction","target":{"@type":"EntryPoint","urlTemplate":"https:\/\/ike.eus\/es\/?s={search_term_string}"},"query-input":{"@type":"PropertyValueSpecification","valueRequired":true,"valueName":"search_term_string"}}],"inLanguage":"es"},{"@type":"Organization","@id":"https:\/\/ike.eus\/es\/#organization","name":"Igeldoko Komunitate Energetikoa","url":"https:\/\/ike.eus\/es\/","logo":{"@type":"ImageObject","inLanguage":"es","@id":"https:\/\/ike.eus\/es\/#\/schema\/logo\/image\/","url":"https:\/\/ike.eus\/wp-content\/uploads\/Igeldoko-Komunitate-Energetikoa-logoa.png","contentUrl":"https:\/\/ike.eus\/wp-content\/uploads\/Igeldoko-Komunitate-Energetikoa-logoa.png","width":547,"height":127,"caption":"Igeldoko Komunitate Energetikoa"},"image":{"@id":"https:\/\/ike.eus\/es\/#\/schema\/logo\/image\/"}}]}},"_links":{"self":[{"href":"https:\/\/ike.eus\/es\/wp-json\/wp\/v2\/pages\/717","targetHints":{"allow":["GET"]}}],"collection":[{"href":"https:\/\/ike.eus\/es\/wp-json\/wp\/v2\/pages"}],"about":[{"href":"https:\/\/ike.eus\/es\/wp-json\/wp\/v2\/types\/page"}],"author":[{"embeddable":true,"href":"https:\/\/ike.eus\/es\/wp-json\/wp\/v2\/users\/1"}],"replies":[{"embeddable":true,"href":"https:\/\/ike.eus\/es\/wp-json\/wp\/v2\/comments?post=717"}],"version-history":[{"count":3,"href":"https:\/\/ike.eus\/es\/wp-json\/wp\/v2\/pages\/717\/revisions"}],"predecessor-version":[{"id":720,"href":"https:\/\/ike.eus\/es\/wp-json\/wp\/v2\/pages\/717\/revisions\/720"}],"wp:attachment":[{"href":"https:\/\/ike.eus\/es\/wp-json\/wp\/v2\/media?parent=717"}],"curies":[{"name":"wp","href":"https:\/\/api.w.org\/{rel}","templated":true}]}}