{"id":702,"date":"2024-02-27T09:24:57","date_gmt":"2024-02-27T08:24:57","guid":{"rendered":"https:\/\/ike.eus\/pribatutasun-politika"},"modified":"2024-07-29T10:30:27","modified_gmt":"2024-07-29T08:30:27","slug":"politica-de-privacidad","status":"publish","type":"page","link":"https:\/\/ike.eus\/es\/politica-de-privacidad","title":{"rendered":"Pol\u00edtica de privacidad"},"content":{"rendered":"<div class=\"wpb-content-wrapper\"><p>[vc_row kd_background_image_position=&#8221;vc_row-bg-position-top&#8221; css=&#8221;.vc_custom_1719844629067{margin-top: 180px !important;}&#8221; css_mobile=&#8221;.vc_custom_1719844629068{margin-top: 40px !important;}&#8221;][vc_column][vc_column_text]<\/p>\n<h3>AVISO LEGAL Y POL\u00cdTICA DE PRIVACIDAD<\/h3>\n<h4>INFORMACI\u00d3N LEGAL LSSIICE<\/h4>\n<p>De acuerdo con las obligaciones previstas en la Ley 34\/2002 de Servicios de la Sociedad de la Informaci\u00f3n y de Comercio Electr\u00f3nico (en adelante LSSIICE), IKE KOOP. S. con NIF F70709795 y domicilio social en CASA DE CULTURA ITSAS AURRE, C\/ IGELDOKO PLAZA 1 (IGELDO) y direcci\u00f3n electr\u00f3nica ike@ike.eus , manifiesta que es de su propiedad el dominio ike.eus.<\/p>\n<p>IKE KOOP. S. est\u00e1 inscrita en el Registro Mercantil de XXXX al Tomo XXX Folio XXXX.<\/p>\n<p>IKE KOOP. S. no puede asumir ninguna responsabilidad derivada del uso incorrecto, inadecuado o il\u00edcito de la informaci\u00f3n que aparezca en sus p\u00e1ginas web o presencia online en las diversas redes sociales. Dentro de los l\u00edmites establecidos por la ley, IKE KOOP. S. no asume ninguna responsabilidad por la falta de veracidad, integridad, actualizaci\u00f3n y precisi\u00f3n de los datos o informaciones que se contienen en sus p\u00e1ginas de Internet.<\/p>\n<p>Los contenidos e informaci\u00f3n de las p\u00e1ginas de Internet y redes sociales de IKE KOOP. S. est\u00e1n elaborados por profesionales debidamente cualificados para el ejercicio de su profesi\u00f3n. No obstante, los contenidos e informaci\u00f3n no vinculan a la susodicha ni constituyen opiniones, consejos o asesoramiento legal de ning\u00fan tipo, pues se trata meramente de un servicio ofrecido con car\u00e1cter informativo y divulgativo.<\/p>\n<p>Las p\u00e1ginas de Internet y redes sociales de IKE KOOP. S. pueden contener enlaces (links) a otras p\u00e1ginas de terceras partes. Por tanto, esta no puede asumir responsabilidades por el contenido que pueda aparecer en p\u00e1ginas de terceros. Los textos, im\u00e1genes, sonidos, animaciones, software y el resto de contenidos incluidos en este sitio web son propiedad exclusiva de IKE KOOP. S. o sus licenciantes. Cualquier acto de transmisi\u00f3n, distribuci\u00f3n, cesi\u00f3n, reproducci\u00f3n, almacenamiento o comunicaci\u00f3n p\u00fablica total o parcial debe contar con el consentimiento expreso de IKE KOOP. S..<\/p>\n<p>De la misma manera, se reserva el derecho a retirar el acceso al Portal sin necesidad de previo aviso a cualquier usuario que contravenga lo dispuesto en este aviso legal.<\/p>\n<h4>PROTECCI\u00d3N DE DATOS PERSONALES<\/h4>\n<p>En virtud de la normativa de protecci\u00f3n de datos de car\u00e1cter personal, por la presente autoriza a que los datos personales facilitados sean tratados bajo la responsabilidad de IKE KOOP. S. y domicilio en CASA DE CULTURA ITSAS AURRE, C\/ IGELDOKO PLAZA 1 (IGELDO):<\/p>\n<p>\u2022 \u2022 Formulario de Contacto: Sus datos ser\u00e1n tratados con la finalidad de gestionar su petici\u00f3n y poder darle respuesta, siendo la prestaci\u00f3n de este servicio el motivo que nos legitima tratar sus datos. Estos datos ser\u00e1n conservados hasta que se resuelva la petici\u00f3n y no ser\u00e1n transmitidos a terceros.<br \/>\u2022 Formulario \u00danete a nosotros: Sus datos ser\u00e1n tratados con la finalidad de incluirle en nuestros procesos de selecci\u00f3n de acuerdo con su consentimiento expreso. Sus datos ser\u00e1n conservados mientras dure el proceso de selecci\u00f3n y posteriormente ser\u00e1n destruidos de manera confidencial en un per\u00edodo no superior a 1 a\u00f1o. No ser\u00e1n transmitidos a terceros.<br \/>\u2022Si son tratados en nuestras redes sociales de acuerdo con lo detallado anteriormente, estos ser\u00e1n tratados con la finalidad de gestionar aquella informaci\u00f3n y datos obtenidos de la interacci\u00f3n de los usuarios de las redes sociales con estos perfiles\/p\u00e1gina. Estos datos ser\u00e1n tratados de acuerdo con el inter\u00e9s leg\u00edtimo de esta empresa y ser\u00e1n conservados siempre que se mantenga el inter\u00e9s leg\u00edtimo que permiti\u00f3 su tratamiento.<br \/>\u2022 Si son recogidos a trav\u00e9s del uso de cookies anal\u00edticas que previamente ha aceptado al acceder a nuestro sitio, ser\u00e1n empleadas con las finalidades de an\u00e1lisis especificadas en la pol\u00edtica de cookies del sitio web. Sus datos ser\u00e1n objeto de transferencias internacionales con los Estados Unidos y conservados durante el tiempo que sea necesario para alcanzar la finalidad.<\/p>\n<p>En cualquier caso, podr\u00e1 indicar la revocaci\u00f3n del consentimiento otorgado si esta fue la base que legitim\u00f3 el tratamiento o ejercer los derechos previstos:<\/p>\n<p>\u2022 Acceso: El interesado tiene derecho a saber si el responsable del tratamiento trata datos personales suyos y, en caso afirmativo, tiene derecho a acceder a esos datos y a obtener informaci\u00f3n sobre los tratamientos realizados.<br \/>\u2022Rectificaci\u00f3n: Est\u00e1 vinculado al car\u00e1cter inexacto o incompleto de los datos. El interesado tiene derecho a rectificar sus datos personales inexactos y a que se completen sus datos personales incompletos.<br \/>\u2022 Supresi\u00f3n: El interesado tiene derecho a obtener la supresi\u00f3n de sus datos personales (&#8220;derecho al olvido&#8221;) cuando estos ya no sean necesarios para la finalidad para la que se recogieron, se revoca el consentimiento en el que se basaba el tratamiento, el interesado se opone al tratamiento, los datos se han tratado il\u00edcitamente, deben suprimirse para cumplir una obligaci\u00f3n legal o se han obtenido en relaci\u00f3n con la oferta de servicios de la sociedad de la informaci\u00f3n dirigida a menores.<br \/>\u2022 Limitaci\u00f3n del tratamiento: Es un derecho de la persona interesada consistente en marcar sus datos de car\u00e1cter personal conservados con la finalidad de limitar su tratamiento en el futuro. La limitaci\u00f3n del tratamiento supone que, a petici\u00f3n de la persona interesada, sus datos personales dejan de tratarse.<br \/>\u2022 Oposici\u00f3n: El interesado tiene derecho a oponerse al tratamiento de sus datos cuando se basa en algunos supuestos concretos e invoque un motivo relacionado con su situaci\u00f3n personal.<br \/>\u2022Portabilidad de los datos: El interesado tiene derecho a recibir los datos personales que ha facilitado a un responsable del tratamiento en un formato estructurado de uso com\u00fan y de lectura mec\u00e1nica si se basa en el consentimiento o en un contrato o cuando el tratamiento se hace por medios automatizados.<br \/>\u2022A no ser objeto de decisiones individuales automatizadas: El interesado tiene derecho a no ser objeto de una decisi\u00f3n basada \u00fanicamente en el tratamiento automatizado de sus datos, incluida la elaboraci\u00f3n de perfiles que produzca efectos jur\u00eddicos en \u00e9l o le afecte negativamente.<\/p>\n<p>Estas peticiones deber\u00e1n hacerse a CASA DE CULTURA ITSAS AURRE, C\/ IGELDOKO PLAZA 1 (IGELDO) o a ike@ike.eus.<\/p>\n<p>Asimismo, tambi\u00e9n podr\u00e1 presentar una reclamaci\u00f3n ante la Agencia Espa\u00f1ola de Protecci\u00f3n de Datos o ponerse en contacto con el Delegado de Protecci\u00f3n de Datos en ike@ike.eus.<\/p>\n<h4>PROPIEDAD INDUSTRIAL E INTELECTUAL<\/h4>\n<p>Esta web es propiedad de IKE KOOP. S. Los derechos de Propiedad Intelectual y derechos de explotaci\u00f3n y reproducci\u00f3n de esta web, sus p\u00e1ginas, su presencia en redes sociales, pantallas, la informaci\u00f3n que contienen, su apariencia y dise\u00f1o, as\u00ed como los enlaces (&#8220;hiperv\u00ednculos&#8221;) establecidos desde ella a otras p\u00e1ginas web de cualquier centro adscrito o organismo dependiente son propiedad exclusiva de esta, salvo que expresamente se establezca otra cosa.<\/p>\n<p>Todas las denominaciones, dise\u00f1os y\/o logotipos, as\u00ed como cualquier producto o servicio ofrecido y reflejado en este sitio web son marcas comerciales debidamente registradas por IKE KOOP. S., sus subsidiarias y\/o dominadas o por terceros. Cualquier uso indebido del mismo por personas diferentes.<\/p>\n<p>[\/vc_column_text][\/vc_column][\/vc_row]<\/p>\n<\/div>","protected":false},"excerpt":{"rendered":"<p>[vc_row kd_background_image_position=&#8221;vc_row-bg-position-top&#8221; css=&#8221;.vc_custom_1719844629067{margin-top: 180px !important;}&#8221; css_mobile=&#8221;.vc_custom_1719844629068{margin-top: 40px !important;}&#8221;][vc_column][vc_column_text] AVISO LEGAL Y POL\u00cdTICA DE PRIVACIDAD INFORMACI\u00d3N LEGAL LSSIICE De acuerdo con [&hellip;]<\/p>\n","protected":false},"author":1,"featured_media":0,"parent":0,"menu_order":10,"comment_status":"closed","ping_status":"closed","template":"","meta":{"footnotes":""},"class_list":["post-702","page","type-page","status-publish","hentry"],"yoast_head":"<!-- This site is optimized with the Yoast SEO plugin v27.4 - https:\/\/yoast.com\/product\/yoast-seo-wordpress\/ -->\n<title>Pol\u00edtica de privacidad - Igeldoko Komunitate Energetikoa<\/title>\n<meta name=\"robots\" content=\"noindex, nofollow\" \/>\n<meta property=\"og:locale\" content=\"es_ES\" \/>\n<meta property=\"og:type\" content=\"article\" \/>\n<meta property=\"og:title\" content=\"Pol\u00edtica de privacidad - Igeldoko Komunitate Energetikoa\" \/>\n<meta property=\"og:description\" content=\"[vc_row kd_background_image_position=&#8221;vc_row-bg-position-top&#8221; css=&#8221;.vc_custom_1719844629067{margin-top: 180px !important;}&#8221; css_mobile=&#8221;.vc_custom_1719844629068{margin-top: 40px !important;}&#8221;][vc_column][vc_column_text] AVISO LEGAL Y POL\u00cdTICA DE PRIVACIDAD INFORMACI\u00d3N LEGAL LSSIICE De acuerdo con [&hellip;]\" \/>\n<meta property=\"og:url\" content=\"https:\/\/ike.eus\/es\/politica-de-privacidad\" \/>\n<meta property=\"og:site_name\" content=\"Igeldoko Komunitate Energetikoa\" \/>\n<meta property=\"article:modified_time\" content=\"2024-07-29T08:30:27+00:00\" \/>\n<meta name=\"twitter:card\" content=\"summary_large_image\" \/>\n<meta name=\"twitter:label1\" content=\"Tiempo de lectura\" \/>\n\t<meta name=\"twitter:data1\" content=\"7 minutos\" \/>\n<script type=\"application\/ld+json\" class=\"yoast-schema-graph\">{\"@context\":\"https:\\\/\\\/schema.org\",\"@graph\":[{\"@type\":\"WebPage\",\"@id\":\"https:\\\/\\\/ike.eus\\\/es\\\/politica-de-privacidad\",\"url\":\"https:\\\/\\\/ike.eus\\\/es\\\/politica-de-privacidad\",\"name\":\"Pol\u00edtica de privacidad - Igeldoko Komunitate Energetikoa\",\"isPartOf\":{\"@id\":\"https:\\\/\\\/ike.eus\\\/es\\\/#website\"},\"datePublished\":\"2024-02-27T08:24:57+00:00\",\"dateModified\":\"2024-07-29T08:30:27+00:00\",\"breadcrumb\":{\"@id\":\"https:\\\/\\\/ike.eus\\\/es\\\/politica-de-privacidad#breadcrumb\"},\"inLanguage\":\"es\",\"potentialAction\":[{\"@type\":\"ReadAction\",\"target\":[\"https:\\\/\\\/ike.eus\\\/es\\\/politica-de-privacidad\"]}]},{\"@type\":\"BreadcrumbList\",\"@id\":\"https:\\\/\\\/ike.eus\\\/es\\\/politica-de-privacidad#breadcrumb\",\"itemListElement\":[{\"@type\":\"ListItem\",\"position\":1,\"name\":\"Home\",\"item\":\"https:\\\/\\\/ike.eus\\\/es\"},{\"@type\":\"ListItem\",\"position\":2,\"name\":\"Pol\u00edtica de privacidad\"}]},{\"@type\":\"WebSite\",\"@id\":\"https:\\\/\\\/ike.eus\\\/es\\\/#website\",\"url\":\"https:\\\/\\\/ike.eus\\\/es\\\/\",\"name\":\"Igeldoko Komunitate Energetikoa\",\"description\":\"\",\"publisher\":{\"@id\":\"https:\\\/\\\/ike.eus\\\/es\\\/#organization\"},\"potentialAction\":[{\"@type\":\"SearchAction\",\"target\":{\"@type\":\"EntryPoint\",\"urlTemplate\":\"https:\\\/\\\/ike.eus\\\/es\\\/?s={search_term_string}\"},\"query-input\":{\"@type\":\"PropertyValueSpecification\",\"valueRequired\":true,\"valueName\":\"search_term_string\"}}],\"inLanguage\":\"es\"},{\"@type\":\"Organization\",\"@id\":\"https:\\\/\\\/ike.eus\\\/es\\\/#organization\",\"name\":\"Igeldoko Komunitate Energetikoa\",\"url\":\"https:\\\/\\\/ike.eus\\\/es\\\/\",\"logo\":{\"@type\":\"ImageObject\",\"inLanguage\":\"es\",\"@id\":\"https:\\\/\\\/ike.eus\\\/es\\\/#\\\/schema\\\/logo\\\/image\\\/\",\"url\":\"https:\\\/\\\/ike.eus\\\/wp-content\\\/uploads\\\/Igeldoko-Komunitate-Energetikoa-logoa.png\",\"contentUrl\":\"https:\\\/\\\/ike.eus\\\/wp-content\\\/uploads\\\/Igeldoko-Komunitate-Energetikoa-logoa.png\",\"width\":547,\"height\":127,\"caption\":\"Igeldoko Komunitate Energetikoa\"},\"image\":{\"@id\":\"https:\\\/\\\/ike.eus\\\/es\\\/#\\\/schema\\\/logo\\\/image\\\/\"}}]}<\/script>\n<!-- \/ Yoast SEO plugin. -->","yoast_head_json":{"title":"Pol\u00edtica de privacidad - Igeldoko Komunitate Energetikoa","robots":{"index":"noindex","follow":"nofollow"},"og_locale":"es_ES","og_type":"article","og_title":"Pol\u00edtica de privacidad - Igeldoko Komunitate Energetikoa","og_description":"[vc_row kd_background_image_position=&#8221;vc_row-bg-position-top&#8221; css=&#8221;.vc_custom_1719844629067{margin-top: 180px !important;}&#8221; css_mobile=&#8221;.vc_custom_1719844629068{margin-top: 40px !important;}&#8221;][vc_column][vc_column_text] AVISO LEGAL Y POL\u00cdTICA DE PRIVACIDAD INFORMACI\u00d3N LEGAL LSSIICE De acuerdo con [&hellip;]","og_url":"https:\/\/ike.eus\/es\/politica-de-privacidad","og_site_name":"Igeldoko Komunitate Energetikoa","article_modified_time":"2024-07-29T08:30:27+00:00","twitter_card":"summary_large_image","twitter_misc":{"Tiempo de lectura":"7 minutos"},"schema":{"@context":"https:\/\/schema.org","@graph":[{"@type":"WebPage","@id":"https:\/\/ike.eus\/es\/politica-de-privacidad","url":"https:\/\/ike.eus\/es\/politica-de-privacidad","name":"Pol\u00edtica de privacidad - Igeldoko Komunitate Energetikoa","isPartOf":{"@id":"https:\/\/ike.eus\/es\/#website"},"datePublished":"2024-02-27T08:24:57+00:00","dateModified":"2024-07-29T08:30:27+00:00","breadcrumb":{"@id":"https:\/\/ike.eus\/es\/politica-de-privacidad#breadcrumb"},"inLanguage":"es","potentialAction":[{"@type":"ReadAction","target":["https:\/\/ike.eus\/es\/politica-de-privacidad"]}]},{"@type":"BreadcrumbList","@id":"https:\/\/ike.eus\/es\/politica-de-privacidad#breadcrumb","itemListElement":[{"@type":"ListItem","position":1,"name":"Home","item":"https:\/\/ike.eus\/es"},{"@type":"ListItem","position":2,"name":"Pol\u00edtica de privacidad"}]},{"@type":"WebSite","@id":"https:\/\/ike.eus\/es\/#website","url":"https:\/\/ike.eus\/es\/","name":"Igeldoko Komunitate Energetikoa","description":"","publisher":{"@id":"https:\/\/ike.eus\/es\/#organization"},"potentialAction":[{"@type":"SearchAction","target":{"@type":"EntryPoint","urlTemplate":"https:\/\/ike.eus\/es\/?s={search_term_string}"},"query-input":{"@type":"PropertyValueSpecification","valueRequired":true,"valueName":"search_term_string"}}],"inLanguage":"es"},{"@type":"Organization","@id":"https:\/\/ike.eus\/es\/#organization","name":"Igeldoko Komunitate Energetikoa","url":"https:\/\/ike.eus\/es\/","logo":{"@type":"ImageObject","inLanguage":"es","@id":"https:\/\/ike.eus\/es\/#\/schema\/logo\/image\/","url":"https:\/\/ike.eus\/wp-content\/uploads\/Igeldoko-Komunitate-Energetikoa-logoa.png","contentUrl":"https:\/\/ike.eus\/wp-content\/uploads\/Igeldoko-Komunitate-Energetikoa-logoa.png","width":547,"height":127,"caption":"Igeldoko Komunitate Energetikoa"},"image":{"@id":"https:\/\/ike.eus\/es\/#\/schema\/logo\/image\/"}}]}},"_links":{"self":[{"href":"https:\/\/ike.eus\/es\/wp-json\/wp\/v2\/pages\/702","targetHints":{"allow":["GET"]}}],"collection":[{"href":"https:\/\/ike.eus\/es\/wp-json\/wp\/v2\/pages"}],"about":[{"href":"https:\/\/ike.eus\/es\/wp-json\/wp\/v2\/types\/page"}],"author":[{"embeddable":true,"href":"https:\/\/ike.eus\/es\/wp-json\/wp\/v2\/users\/1"}],"replies":[{"embeddable":true,"href":"https:\/\/ike.eus\/es\/wp-json\/wp\/v2\/comments?post=702"}],"version-history":[{"count":3,"href":"https:\/\/ike.eus\/es\/wp-json\/wp\/v2\/pages\/702\/revisions"}],"predecessor-version":[{"id":753,"href":"https:\/\/ike.eus\/es\/wp-json\/wp\/v2\/pages\/702\/revisions\/753"}],"wp:attachment":[{"href":"https:\/\/ike.eus\/es\/wp-json\/wp\/v2\/media?parent=702"}],"curies":[{"name":"wp","href":"https:\/\/api.w.org\/{rel}","templated":true}]}}